{"id":768,"date":"2023-08-22T19:06:09","date_gmt":"2023-08-22T19:06:09","guid":{"rendered":"https:\/\/senicabajk.sk\/mapa-stanic\/"},"modified":"2023-11-05T18:13:56","modified_gmt":"2023-11-05T18:13:56","slug":"locations","status":"publish","type":"page","link":"https:\/\/senicabajk.sk\/en\/locations\/","title":{"rendered":"Mapa stan\u00edc &#8211; Locations"},"content":{"rendered":"\t\t<div data-elementor-type=\"wp-page\" data-elementor-id=\"768\" class=\"elementor elementor-768 elementor-391\" data-elementor-post-type=\"page\">\n\t\t\t\t\t\t<section class=\"elementor-section elementor-top-section elementor-element elementor-element-179fa14f elementor-section-height-min-height elementor-section-full_width elementor-section-height-default elementor-section-items-middle\" data-id=\"179fa14f\" data-element_type=\"section\" data-e-type=\"section\">\n\t\t\t\t\t\t\t<div class=\"elementor-background-overlay\"><\/div>\n\t\t\t\t\t\t\t<div class=\"elementor-container elementor-column-gap-no\">\n\t\t\t\t\t<div class=\"elementor-column elementor-col-100 elementor-top-column elementor-element elementor-element-70e12601\" data-id=\"70e12601\" data-element_type=\"column\" data-e-type=\"column\">\n\t\t\t<div class=\"elementor-widget-wrap elementor-element-populated\">\n\t\t\t\t\t\t<div class=\"elementor-element elementor-element-7a8f56c elementor-widget elementor-widget-html\" data-id=\"7a8f56c\" data-element_type=\"widget\" data-e-type=\"widget\" data-widget_type=\"html.default\">\n\t\t\t\t<div class=\"elementor-widget-container\">\n\t\t\t\t\t<iframe id=\"nextbikemap\" class=\"nextbike_content_iframe\" src=\"https:\/\/iframe.nextbike.net\/reservation\/?domain=av&amp;L=sk&amp;height=400&amp;maponly=1&amp;language=sk\" name=\"nextbikemap\" width=\"100%\" height=\"400\" frameborder=\"0\"><\/iframe>\t\t\t\t<\/div>\n\t\t\t\t<\/div>\n\t\t\t\t<div class=\"elementor-element elementor-element-2a22896 elementor-widget elementor-widget-text-editor\" data-id=\"2a22896\" data-element_type=\"widget\" data-e-type=\"widget\" data-widget_type=\"text-editor.default\">\n\t\t\t\t<div class=\"elementor-widget-container\">\n\t\t\t\t\t\t\t\t\t<p><img decoding=\"async\" class=\"alignnone wp-image-402\" src=\"https:\/\/senicabajk.sk\/wp-content\/uploads\/2023\/08\/ikona-menu2.png\" alt=\"\" width=\"20\" height=\"20\" \/> A grey icon indicates that there are currently no bicycles available at the station.<\/p>\t\t\t\t\t\t\t\t<\/div>\n\t\t\t\t<\/div>\n\t\t\t\t\t<\/div>\n\t\t<\/div>\n\t\t\t\t\t<\/div>\n\t\t<\/section>\n\t\t\t\t<section class=\"elementor-section elementor-top-section elementor-element elementor-element-4b49a587 elementor-section-content-middle elementor-reverse-tablet elementor-reverse-mobile elementor-section-boxed elementor-section-height-default elementor-section-height-default\" data-id=\"4b49a587\" data-element_type=\"section\" data-e-type=\"section\" data-settings=\"{&quot;background_background&quot;:&quot;classic&quot;}\">\n\t\t\t\t\t\t\t<div class=\"elementor-background-overlay\"><\/div>\n\t\t\t\t\t\t\t<div class=\"elementor-container elementor-column-gap-no\">\n\t\t\t\t\t<div class=\"elementor-column elementor-col-100 elementor-top-column elementor-element elementor-element-63a1e505\" data-id=\"63a1e505\" data-element_type=\"column\" data-e-type=\"column\" data-settings=\"{&quot;background_background&quot;:&quot;classic&quot;}\">\n\t\t\t<div class=\"elementor-widget-wrap elementor-element-populated\">\n\t\t\t\t\t<div class=\"elementor-background-overlay\"><\/div>\n\t\t\t\t\t\t<div class=\"elementor-element elementor-element-798d047 elementor-widget elementor-widget-elementskit-heading\" data-id=\"798d047\" data-element_type=\"widget\" data-e-type=\"widget\" data-widget_type=\"elementskit-heading.default\">\n\t\t\t\t<div class=\"elementor-widget-container\">\n\t\t\t\t\t<div class=\"ekit-wid-con\" ><div class=\"ekit-heading elementskit-section-title-wraper text_center   ekit_heading_tablet-   ekit_heading_mobile-\"><h3 class=\"ekit-heading--title elementskit-section-title \"><span>Rental station<\/span> locations <\/h3><\/div><\/div>\t\t\t\t<\/div>\n\t\t\t\t<\/div>\n\t\t\t\t<div class=\"elementor-element elementor-element-71b6f70 elementor-widget elementor-widget-text-editor\" data-id=\"71b6f70\" data-element_type=\"widget\" data-e-type=\"widget\" data-widget_type=\"text-editor.default\">\n\t\t\t\t<div class=\"elementor-widget-container\">\n\t\t\t\t\t\t\t\t\t<table><tbody><tr><th class=\"\">STATION NUMBER<\/th><th class=\"\">NAME OF THE STATION<\/th><th class=\"\">GPS COORDINATES OF STATIONS<\/th><\/tr><tr class=\"\"><td class=\"\">22100<\/td><td class=\"\">\u0160tef\u00e1nikova ulica<\/td><td class=\"\">48.68125555407867, 17.36986648965795<\/td><\/tr><tr class=\"\"><td class=\"\">22101<\/td><td class=\"\">\u017delezni\u010dn\u00e1 ulica<\/td><td class=\"\">48.66646280623769, 17.335085841051733<\/td><\/tr><tr class=\"\"><td class=\"\">22102<\/td><td class=\"\">Dlh\u00e1 ulica (OA)<\/td><td class=\"\">48.67630997460674, 17.36438731826408<\/td><\/tr><tr class=\"\"><td class=\"\">22103<\/td><td class=\"\">Olivov\u00e1 ulica<\/td><td class=\"\">48.671817587312326, 17.366149624987045<\/td><\/tr><tr class=\"\"><td class=\"\">22104<\/td><td class=\"\">Vajansk\u00e9ho ulica<\/td><td class=\"\">48.67794164214048, 17.368235514400006<\/td><\/tr><tr class=\"\"><td class=\"\">22105<\/td><td class=\"\">N\u00e1mestie oslobodenia<\/td><td class=\"\">48.679721826327565, 17.367890377182466<\/td><\/tr><tr class=\"\"><td class=\"\">22106<\/td><td class=\"\">Hviezdoslavova ulica (Pas\u00e1\u017e)<\/td><td class=\"\">48.680487736843, 17.364844559589<\/td><\/tr><tr class=\"\"><td class=\"\">22107<\/td><td class=\"\">Tov\u00e1rensk\u00e1 ulica (K\u00fapalisko)<\/td><td class=\"\">48.68207569240407, 17.3648181461728<\/td><\/tr><tr class=\"\"><td class=\"\">22108<\/td><td class=\"\">Fajnorova ulica<\/td><td class=\"\">48.68062355489959, 17.37394661816789<\/td><\/tr><tr class=\"\"><td class=\"\">22109<\/td><td class=\"\">Sadov\u00e1 ulica (K\u00fapalisko)<\/td><td class=\"\">48.68220290151554, 17.37698693242589<\/td><\/tr><tr class=\"\"><td class=\"\">22110<\/td><td class=\"\">Hviezdoslavova<\/td><td class=\"\">48.679173474080315, 17.359240268277397<\/td><\/tr><tr class=\"\"><td class=\"\">22111<\/td><td class=\"\">Sotinsk\u00e1 ulica (Poliklinika)<\/td><td class=\"\">48.687766960368, 17.37293851303604<\/td><\/tr><tr class=\"\"><td class=\"\">22112<\/td><td class=\"\">Obchodn\u00e1 ulica<\/td><td class=\"\">48.68697817133041, 17.36318879544362<\/td><\/tr><tr class=\"\"><td class=\"\">22113<\/td><td class=\"\">Ulica SNP (Cintor\u00edn)<\/td><td class=\"\">48.67556205797521, 17.372444604443277<\/td><\/tr><tr class=\"\"><td class=\"\">22114<\/td><td class=\"\">Kunov<\/td><td class=\"\">48.692509141636656, 17.39900453255334<\/td><\/tr><tr class=\"\"><td class=\"\">22115<\/td><td class=\"\">Ulica S. Jurkovi\u010da<\/td><td class=\"\">48.68611140115518, 17.376899503376908<\/td><\/tr><tr class=\"\"><td class=\"\">22116<\/td><td class=\"\">Ulica L. Novomesk\u00e9ho<\/td><td class=\"\">48.68590742032409, 17.37417870999331<\/td><\/tr><tr class=\"\"><td class=\"\">22117<\/td><td class=\"\">Sadov\u00e1 ulica (Mestsk\u00fd park)<\/td><td class=\"\">48.683423449146325, 17.371377350206142<\/td><\/tr><tr class=\"\"><td class=\"\">22118<\/td><td class=\"\">Ulica Kol\u00f3nia<\/td><td class=\"\">48.68465829853604, 17.361611820709626<\/td><\/tr><tr class=\"\"><td class=\"\">22119<\/td><td class=\"\">\u010c\u00e1\u010dovsk\u00e1 cesta<\/td><td class=\"\">48.67818657069095, 17.339058468515738<\/td><\/tr><tr class=\"\"><td class=\"\">22120<\/td><td class=\"\">Dlh\u00e1 ulica (Park)<\/td><td class=\"\">48.675567262208844, 17.35255803180551<\/td><\/tr><tr class=\"\"><td class=\"\">22121<\/td><td class=\"\">Kalin\u010diakova ulica (Jednota)<\/td><td class=\"\">48.67695209708781, 17.35642046555495<\/td><\/tr><tr class=\"\"><td class=\"\">22122<\/td><td class=\"\">Ulica G. L. Svobodu<\/td><td class=\"\">48.68647876553141, 17.370313464042038<\/td><\/tr><tr class=\"\"><td class=\"\">22123<\/td><td class=\"\">Vaillant<\/td><td class=\"\">48.66228921526008, 17.35687072443766<\/td><\/tr><\/tbody><\/table>\t\t\t\t\t\t\t\t<\/div>\n\t\t\t\t<\/div>\n\t\t\t\t\t<\/div>\n\t\t<\/div>\n\t\t\t\t\t<\/div>\n\t\t<\/section>\n\t\t\t\t<section class=\"elementor-section elementor-top-section elementor-element elementor-element-8d4250e elementor-section-height-full elementor-section-items-top elementor-section-content-middle elementor-section-boxed elementor-section-height-default\" data-id=\"8d4250e\" data-element_type=\"section\" data-e-type=\"section\" data-settings=\"{&quot;background_background&quot;:&quot;classic&quot;,&quot;background_motion_fx_motion_fx_scrolling&quot;:&quot;yes&quot;,&quot;background_motion_fx_translateY_effect&quot;:&quot;yes&quot;,&quot;background_motion_fx_translateY_speed&quot;:{&quot;unit&quot;:&quot;px&quot;,&quot;size&quot;:2.5,&quot;sizes&quot;:[]},&quot;background_motion_fx_translateY_affectedRange&quot;:{&quot;unit&quot;:&quot;%&quot;,&quot;size&quot;:&quot;&quot;,&quot;sizes&quot;:{&quot;start&quot;:38,&quot;end&quot;:100}},&quot;background_motion_fx_devices&quot;:[&quot;desktop&quot;,&quot;tablet&quot;,&quot;mobile&quot;]}\">\n\t\t\t\t\t\t<div class=\"elementor-container elementor-column-gap-default\">\n\t\t\t\t\t<div class=\"elementor-column elementor-col-100 elementor-top-column elementor-element elementor-element-8b00348\" data-id=\"8b00348\" data-element_type=\"column\" data-e-type=\"column\">\n\t\t\t<div class=\"elementor-widget-wrap elementor-element-populated\">\n\t\t\t\t\t\t<div class=\"elementor-element elementor-element-378a71c elementor-widget elementor-widget-elementskit-heading\" data-id=\"378a71c\" data-element_type=\"widget\" data-e-type=\"widget\" data-widget_type=\"elementskit-heading.default\">\n\t\t\t\t<div class=\"elementor-widget-container\">\n\t\t\t\t\t<div class=\"ekit-wid-con\" ><div class=\"ekit-heading elementskit-section-title-wraper text_center   ekit_heading_tablet-text_center   ekit_heading_mobile-text_center\"><h3 class=\"ekit-heading--title elementskit-section-title \">Have you already rented <span>SENICA BAJK<\/span>? <\/h3><\/div><\/div>\t\t\t\t<\/div>\n\t\t\t\t<\/div>\n\t\t\t\t<div class=\"elementor-element elementor-element-558e2f2 elementor-align-center elementor-mobile-align-center elementor-widget elementor-widget-button\" data-id=\"558e2f2\" data-element_type=\"widget\" data-e-type=\"widget\" data-widget_type=\"button.default\">\n\t\t\t\t<div class=\"elementor-widget-container\">\n\t\t\t\t\t\t\t\t\t<div class=\"elementor-button-wrapper\">\n\t\t\t\t\t<a class=\"elementor-button elementor-button-link elementor-size-sm\" href=\"https:\/\/senicabajk.sk\/en\/how-it-works\/\">\n\t\t\t\t\t\t<span class=\"elementor-button-content-wrapper\">\n\t\t\t\t\t\t\t\t\t<span class=\"elementor-button-text\">HOW IT WORKS<\/span>\n\t\t\t\t\t<\/span>\n\t\t\t\t\t<\/a>\n\t\t\t\t<\/div>\n\t\t\t\t\t\t\t\t<\/div>\n\t\t\t\t<\/div>\n\t\t\t\t\t<\/div>\n\t\t<\/div>\n\t\t\t\t\t<\/div>\n\t\t<\/section>\n\t\t\t\t<\/div>\n\t\t","protected":false},"excerpt":{"rendered":"<p>A grey icon indicates that there are currently no bicycles available at the station. Rental station locations STATION NUMBER NAME OF THE STATION GPS COORDINATES OF STATIONS 22100 \u0160tef\u00e1nikova ulica 48.68125555407867, 17.36986648965795 22101 \u017delezni\u010dn\u00e1 ulica 48.66646280623769, 17.335085841051733 22102 Dlh\u00e1 ulica (OA) 48.67630997460674, 17.36438731826408 22103 Olivov\u00e1 ulica 48.671817587312326, 17.366149624987045 22104 Vajansk\u00e9ho ulica 48.67794164214048, 17.368235514400006 22105 N\u00e1mestie [&hellip;]<\/p>\n","protected":false},"author":1,"featured_media":0,"parent":0,"menu_order":0,"comment_status":"closed","ping_status":"open","template":"","meta":{"footnotes":""},"class_list":["post-768","page","type-page","status-publish","hentry"],"yoast_head":"<!-- This site is optimized with the Yoast SEO plugin v27.4 - https:\/\/yoast.com\/product\/yoast-seo-wordpress\/ -->\n<title>Mapa stan\u00edc - Locations - SENICA BAJK<\/title>\n<meta name=\"robots\" content=\"index, follow, max-snippet:-1, max-image-preview:large, max-video-preview:-1\" \/>\n<link rel=\"canonical\" href=\"https:\/\/senicabajk.sk\/en\/locations\/\" \/>\n<meta property=\"og:locale\" content=\"en_US\" \/>\n<meta property=\"og:type\" content=\"article\" \/>\n<meta property=\"og:title\" content=\"Mapa stan\u00edc - Locations - SENICA BAJK\" \/>\n<meta property=\"og:description\" content=\"A grey icon indicates that there are currently no bicycles available at the station. Rental station locations STATION NUMBER NAME OF THE STATION GPS COORDINATES OF STATIONS 22100 \u0160tef\u00e1nikova ulica 48.68125555407867, 17.36986648965795 22101 \u017delezni\u010dn\u00e1 ulica 48.66646280623769, 17.335085841051733 22102 Dlh\u00e1 ulica (OA) 48.67630997460674, 17.36438731826408 22103 Olivov\u00e1 ulica 48.671817587312326, 17.366149624987045 22104 Vajansk\u00e9ho ulica 48.67794164214048, 17.368235514400006 22105 N\u00e1mestie [&hellip;]\" \/>\n<meta property=\"og:url\" content=\"https:\/\/senicabajk.sk\/en\/locations\/\" \/>\n<meta property=\"og:site_name\" content=\"SENICA BAJK\" \/>\n<meta property=\"article:modified_time\" content=\"2023-11-05T18:13:56+00:00\" \/>\n<meta property=\"og:image\" content=\"https:\/\/senicabajk.sk\/wp-content\/uploads\/2023\/08\/ikona-menu2.png\" \/>\n<meta name=\"twitter:card\" content=\"summary_large_image\" \/>\n<meta name=\"twitter:label1\" content=\"Est. reading time\" \/>\n\t<meta name=\"twitter:data1\" content=\"1 minute\" \/>\n<script type=\"application\/ld+json\" class=\"yoast-schema-graph\">{\"@context\":\"https:\\\/\\\/schema.org\",\"@graph\":[{\"@type\":\"WebPage\",\"@id\":\"https:\\\/\\\/senicabajk.sk\\\/en\\\/locations\\\/\",\"url\":\"https:\\\/\\\/senicabajk.sk\\\/en\\\/locations\\\/\",\"name\":\"Mapa stan\u00edc - Locations - SENICA BAJK\",\"isPartOf\":{\"@id\":\"https:\\\/\\\/senicabajk.sk\\\/en\\\/#website\"},\"primaryImageOfPage\":{\"@id\":\"https:\\\/\\\/senicabajk.sk\\\/en\\\/locations\\\/#primaryimage\"},\"image\":{\"@id\":\"https:\\\/\\\/senicabajk.sk\\\/en\\\/locations\\\/#primaryimage\"},\"thumbnailUrl\":\"https:\\\/\\\/senicabajk.sk\\\/wp-content\\\/uploads\\\/2023\\\/08\\\/ikona-menu2.png\",\"datePublished\":\"2023-08-22T19:06:09+00:00\",\"dateModified\":\"2023-11-05T18:13:56+00:00\",\"breadcrumb\":{\"@id\":\"https:\\\/\\\/senicabajk.sk\\\/en\\\/locations\\\/#breadcrumb\"},\"inLanguage\":\"en-US\",\"potentialAction\":[{\"@type\":\"ReadAction\",\"target\":[\"https:\\\/\\\/senicabajk.sk\\\/en\\\/locations\\\/\"]}]},{\"@type\":\"ImageObject\",\"inLanguage\":\"en-US\",\"@id\":\"https:\\\/\\\/senicabajk.sk\\\/en\\\/locations\\\/#primaryimage\",\"url\":\"https:\\\/\\\/senicabajk.sk\\\/wp-content\\\/uploads\\\/2023\\\/08\\\/ikona-menu2.png\",\"contentUrl\":\"https:\\\/\\\/senicabajk.sk\\\/wp-content\\\/uploads\\\/2023\\\/08\\\/ikona-menu2.png\"},{\"@type\":\"BreadcrumbList\",\"@id\":\"https:\\\/\\\/senicabajk.sk\\\/en\\\/locations\\\/#breadcrumb\",\"itemListElement\":[{\"@type\":\"ListItem\",\"position\":1,\"name\":\"Domovsk\u00e1 str\u00e1nka\",\"item\":\"https:\\\/\\\/senicabajk.sk\\\/en\\\/home-2\\\/\"},{\"@type\":\"ListItem\",\"position\":2,\"name\":\"Mapa stan\u00edc &#8211; Locations\"}]},{\"@type\":\"WebSite\",\"@id\":\"https:\\\/\\\/senicabajk.sk\\\/en\\\/#website\",\"url\":\"https:\\\/\\\/senicabajk.sk\\\/en\\\/\",\"name\":\"SENICA BAJK\",\"description\":\"bikesharing v Senici - po\u017ei\u010daj si bicykel\",\"publisher\":{\"@id\":\"https:\\\/\\\/senicabajk.sk\\\/en\\\/#organization\"},\"potentialAction\":[{\"@type\":\"SearchAction\",\"target\":{\"@type\":\"EntryPoint\",\"urlTemplate\":\"https:\\\/\\\/senicabajk.sk\\\/en\\\/?s={search_term_string}\"},\"query-input\":{\"@type\":\"PropertyValueSpecification\",\"valueRequired\":true,\"valueName\":\"search_term_string\"}}],\"inLanguage\":\"en-US\"},{\"@type\":\"Organization\",\"@id\":\"https:\\\/\\\/senicabajk.sk\\\/en\\\/#organization\",\"name\":\"SENICA BAJK\",\"url\":\"https:\\\/\\\/senicabajk.sk\\\/en\\\/\",\"logo\":{\"@type\":\"ImageObject\",\"inLanguage\":\"en-US\",\"@id\":\"https:\\\/\\\/senicabajk.sk\\\/en\\\/#\\\/schema\\\/logo\\\/image\\\/\",\"url\":\"https:\\\/\\\/senicabajk.sk\\\/wp-content\\\/uploads\\\/2023\\\/08\\\/senica-bajk-logo.png\",\"contentUrl\":\"https:\\\/\\\/senicabajk.sk\\\/wp-content\\\/uploads\\\/2023\\\/08\\\/senica-bajk-logo.png\",\"width\":800,\"height\":318,\"caption\":\"SENICA BAJK\"},\"image\":{\"@id\":\"https:\\\/\\\/senicabajk.sk\\\/en\\\/#\\\/schema\\\/logo\\\/image\\\/\"}}]}<\/script>\n<!-- \/ Yoast SEO plugin. -->","yoast_head_json":{"title":"Mapa stan\u00edc - Locations - SENICA BAJK","robots":{"index":"index","follow":"follow","max-snippet":"max-snippet:-1","max-image-preview":"max-image-preview:large","max-video-preview":"max-video-preview:-1"},"canonical":"https:\/\/senicabajk.sk\/en\/locations\/","og_locale":"en_US","og_type":"article","og_title":"Mapa stan\u00edc - Locations - SENICA BAJK","og_description":"A grey icon indicates that there are currently no bicycles available at the station. Rental station locations STATION NUMBER NAME OF THE STATION GPS COORDINATES OF STATIONS 22100 \u0160tef\u00e1nikova ulica 48.68125555407867, 17.36986648965795 22101 \u017delezni\u010dn\u00e1 ulica 48.66646280623769, 17.335085841051733 22102 Dlh\u00e1 ulica (OA) 48.67630997460674, 17.36438731826408 22103 Olivov\u00e1 ulica 48.671817587312326, 17.366149624987045 22104 Vajansk\u00e9ho ulica 48.67794164214048, 17.368235514400006 22105 N\u00e1mestie [&hellip;]","og_url":"https:\/\/senicabajk.sk\/en\/locations\/","og_site_name":"SENICA BAJK","article_modified_time":"2023-11-05T18:13:56+00:00","og_image":[{"url":"https:\/\/senicabajk.sk\/wp-content\/uploads\/2023\/08\/ikona-menu2.png","type":"","width":"","height":""}],"twitter_card":"summary_large_image","twitter_misc":{"Est. reading time":"1 minute"},"schema":{"@context":"https:\/\/schema.org","@graph":[{"@type":"WebPage","@id":"https:\/\/senicabajk.sk\/en\/locations\/","url":"https:\/\/senicabajk.sk\/en\/locations\/","name":"Mapa stan\u00edc - Locations - SENICA BAJK","isPartOf":{"@id":"https:\/\/senicabajk.sk\/en\/#website"},"primaryImageOfPage":{"@id":"https:\/\/senicabajk.sk\/en\/locations\/#primaryimage"},"image":{"@id":"https:\/\/senicabajk.sk\/en\/locations\/#primaryimage"},"thumbnailUrl":"https:\/\/senicabajk.sk\/wp-content\/uploads\/2023\/08\/ikona-menu2.png","datePublished":"2023-08-22T19:06:09+00:00","dateModified":"2023-11-05T18:13:56+00:00","breadcrumb":{"@id":"https:\/\/senicabajk.sk\/en\/locations\/#breadcrumb"},"inLanguage":"en-US","potentialAction":[{"@type":"ReadAction","target":["https:\/\/senicabajk.sk\/en\/locations\/"]}]},{"@type":"ImageObject","inLanguage":"en-US","@id":"https:\/\/senicabajk.sk\/en\/locations\/#primaryimage","url":"https:\/\/senicabajk.sk\/wp-content\/uploads\/2023\/08\/ikona-menu2.png","contentUrl":"https:\/\/senicabajk.sk\/wp-content\/uploads\/2023\/08\/ikona-menu2.png"},{"@type":"BreadcrumbList","@id":"https:\/\/senicabajk.sk\/en\/locations\/#breadcrumb","itemListElement":[{"@type":"ListItem","position":1,"name":"Domovsk\u00e1 str\u00e1nka","item":"https:\/\/senicabajk.sk\/en\/home-2\/"},{"@type":"ListItem","position":2,"name":"Mapa stan\u00edc &#8211; Locations"}]},{"@type":"WebSite","@id":"https:\/\/senicabajk.sk\/en\/#website","url":"https:\/\/senicabajk.sk\/en\/","name":"SENICA BAJK","description":"bikesharing v Senici - po\u017ei\u010daj si bicykel","publisher":{"@id":"https:\/\/senicabajk.sk\/en\/#organization"},"potentialAction":[{"@type":"SearchAction","target":{"@type":"EntryPoint","urlTemplate":"https:\/\/senicabajk.sk\/en\/?s={search_term_string}"},"query-input":{"@type":"PropertyValueSpecification","valueRequired":true,"valueName":"search_term_string"}}],"inLanguage":"en-US"},{"@type":"Organization","@id":"https:\/\/senicabajk.sk\/en\/#organization","name":"SENICA BAJK","url":"https:\/\/senicabajk.sk\/en\/","logo":{"@type":"ImageObject","inLanguage":"en-US","@id":"https:\/\/senicabajk.sk\/en\/#\/schema\/logo\/image\/","url":"https:\/\/senicabajk.sk\/wp-content\/uploads\/2023\/08\/senica-bajk-logo.png","contentUrl":"https:\/\/senicabajk.sk\/wp-content\/uploads\/2023\/08\/senica-bajk-logo.png","width":800,"height":318,"caption":"SENICA BAJK"},"image":{"@id":"https:\/\/senicabajk.sk\/en\/#\/schema\/logo\/image\/"}}]}},"_links":{"self":[{"href":"https:\/\/senicabajk.sk\/en\/wp-json\/wp\/v2\/pages\/768","targetHints":{"allow":["GET"]}}],"collection":[{"href":"https:\/\/senicabajk.sk\/en\/wp-json\/wp\/v2\/pages"}],"about":[{"href":"https:\/\/senicabajk.sk\/en\/wp-json\/wp\/v2\/types\/page"}],"author":[{"embeddable":true,"href":"https:\/\/senicabajk.sk\/en\/wp-json\/wp\/v2\/users\/1"}],"replies":[{"embeddable":true,"href":"https:\/\/senicabajk.sk\/en\/wp-json\/wp\/v2\/comments?post=768"}],"version-history":[{"count":39,"href":"https:\/\/senicabajk.sk\/en\/wp-json\/wp\/v2\/pages\/768\/revisions"}],"predecessor-version":[{"id":2774,"href":"https:\/\/senicabajk.sk\/en\/wp-json\/wp\/v2\/pages\/768\/revisions\/2774"}],"wp:attachment":[{"href":"https:\/\/senicabajk.sk\/en\/wp-json\/wp\/v2\/media?parent=768"}],"curies":[{"name":"wp","href":"https:\/\/api.w.org\/{rel}","templated":true}]}}