{"id":720,"date":"2023-08-25T09:56:58","date_gmt":"2023-08-25T09:56:58","guid":{"rendered":"https:\/\/senicabajk.sk\/novinky\/"},"modified":"2023-08-26T21:43:37","modified_gmt":"2023-08-26T21:43:37","slug":"news","status":"publish","type":"page","link":"https:\/\/senicabajk.sk\/en\/news\/","title":{"rendered":"Novinky &#8211; News"},"content":{"rendered":"\t\t<div data-elementor-type=\"wp-page\" data-elementor-id=\"720\" class=\"elementor elementor-720 elementor-584\" data-elementor-post-type=\"page\">\n\t\t\t\t\t\t<section class=\"elementor-section elementor-top-section elementor-element elementor-element-1a6ba43c elementor-section-height-min-height elementor-section-boxed elementor-section-height-default elementor-section-items-middle\" data-id=\"1a6ba43c\" data-element_type=\"section\" data-e-type=\"section\" data-settings=\"{&quot;background_background&quot;:&quot;classic&quot;}\">\n\t\t\t\t\t\t\t<div class=\"elementor-background-overlay\"><\/div>\n\t\t\t\t\t\t\t<div class=\"elementor-container elementor-column-gap-no\">\n\t\t\t\t\t<div class=\"elementor-column elementor-col-100 elementor-top-column elementor-element elementor-element-e66327a\" data-id=\"e66327a\" data-element_type=\"column\" data-e-type=\"column\">\n\t\t\t<div class=\"elementor-widget-wrap\">\n\t\t\t\t\t\t\t<\/div>\n\t\t<\/div>\n\t\t\t\t\t<\/div>\n\t\t<\/section>\n\t\t\t\t<section class=\"elementor-section elementor-top-section elementor-element elementor-element-1d07c420 elementor-section-boxed elementor-section-height-default elementor-section-height-default\" data-id=\"1d07c420\" data-element_type=\"section\" data-e-type=\"section\" id=\"novinky\" data-settings=\"{&quot;background_background&quot;:&quot;classic&quot;}\">\n\t\t\t\t\t\t\t<div class=\"elementor-background-overlay\"><\/div>\n\t\t\t\t\t\t\t<div class=\"elementor-container elementor-column-gap-no\">\n\t\t\t\t\t<div class=\"elementor-column elementor-col-100 elementor-top-column elementor-element elementor-element-545b045b\" data-id=\"545b045b\" data-element_type=\"column\" data-e-type=\"column\">\n\t\t\t<div class=\"elementor-widget-wrap elementor-element-populated\">\n\t\t\t\t\t\t<section class=\"elementor-section elementor-inner-section elementor-element elementor-element-39dcf77d elementor-section-content-middle elementor-section-boxed elementor-section-height-default elementor-section-height-default\" data-id=\"39dcf77d\" data-element_type=\"section\" data-e-type=\"section\">\n\t\t\t\t\t\t<div class=\"elementor-container elementor-column-gap-default\">\n\t\t\t\t\t<div class=\"elementor-column elementor-col-100 elementor-inner-column elementor-element elementor-element-3002b800\" data-id=\"3002b800\" data-element_type=\"column\" data-e-type=\"column\">\n\t\t\t<div class=\"elementor-widget-wrap elementor-element-populated\">\n\t\t\t\t\t\t<div class=\"elementor-element elementor-element-56eb0b44 elementor-widget elementor-widget-spacer\" data-id=\"56eb0b44\" data-element_type=\"widget\" data-e-type=\"widget\" data-widget_type=\"spacer.default\">\n\t\t\t\t<div class=\"elementor-widget-container\">\n\t\t\t\t\t\t\t<div class=\"elementor-spacer\">\n\t\t\t<div class=\"elementor-spacer-inner\"><\/div>\n\t\t<\/div>\n\t\t\t\t\t\t<\/div>\n\t\t\t\t<\/div>\n\t\t\t\t<div class=\"elementor-element elementor-element-b809279 elementor-widget elementor-widget-elementskit-heading\" data-id=\"b809279\" data-element_type=\"widget\" data-e-type=\"widget\" data-widget_type=\"elementskit-heading.default\">\n\t\t\t\t<div class=\"elementor-widget-container\">\n\t\t\t\t\t<div class=\"ekit-wid-con\" ><div class=\"ekit-heading elementskit-section-title-wraper text_center   ekit_heading_tablet-   ekit_heading_mobile-\"><h3 class=\"ekit-heading--title elementskit-section-title \"><span>Bike<\/span> News  <\/h3><\/div><\/div>\t\t\t\t<\/div>\n\t\t\t\t<\/div>\n\t\t\t\t\t<\/div>\n\t\t<\/div>\n\t\t\t\t\t<\/div>\n\t\t<\/section>\n\t\t\t\t<section class=\"elementor-section elementor-inner-section elementor-element elementor-element-44f3217d elementor-section-boxed elementor-section-height-default elementor-section-height-default\" data-id=\"44f3217d\" data-element_type=\"section\" data-e-type=\"section\">\n\t\t\t\t\t\t<div class=\"elementor-container elementor-column-gap-default\">\n\t\t\t\t\t<div class=\"elementor-column elementor-col-100 elementor-inner-column elementor-element elementor-element-4eb1c738\" data-id=\"4eb1c738\" data-element_type=\"column\" data-e-type=\"column\">\n\t\t\t<div class=\"elementor-widget-wrap elementor-element-populated\">\n\t\t\t\t\t\t<div class=\"elementor-element elementor-element-4069add3 elementor-posts--align-center elementor-grid-tablet-1 elementor-grid-3 elementor-grid-mobile-1 elementor-posts--thumbnail-top elementor-posts__hover-gradient elementor-widget elementor-widget-posts\" data-id=\"4069add3\" data-element_type=\"widget\" data-e-type=\"widget\" data-settings=\"{&quot;cards_row_gap&quot;:{&quot;unit&quot;:&quot;px&quot;,&quot;size&quot;:30,&quot;sizes&quot;:[]},&quot;cards_columns_tablet&quot;:&quot;1&quot;,&quot;cards_columns&quot;:&quot;3&quot;,&quot;cards_columns_mobile&quot;:&quot;1&quot;,&quot;cards_row_gap_tablet&quot;:{&quot;unit&quot;:&quot;px&quot;,&quot;size&quot;:&quot;&quot;,&quot;sizes&quot;:[]},&quot;cards_row_gap_mobile&quot;:{&quot;unit&quot;:&quot;px&quot;,&quot;size&quot;:&quot;&quot;,&quot;sizes&quot;:[]}}\" data-widget_type=\"posts.cards\">\n\t\t\t\t<div class=\"elementor-widget-container\">\n\t\t\t\t\t\t\t<div class=\"elementor-posts-container elementor-posts elementor-posts--skin-cards elementor-grid\" role=\"list\">\n\t\t\t\t<article class=\"elementor-post elementor-grid-item post-3168 post type-post status-publish format-standard hentry category-uncategorized\" role=\"listitem\">\n\t\t\t<div class=\"elementor-post__card\">\n\t\t\t\t<div class=\"elementor-post__text\">\n\t\t\t\t<h5 class=\"elementor-post__title\">\n\t\t\t<a href=\"https:\/\/senicabajk.sk\/en\/blog\/2024\/05\/02\/elementor-3168\/\" >\n\t\t\t\tElementor #3168\t\t\t<\/a>\n\t\t<\/h5>\n\t\t\t\t<div class=\"elementor-post__excerpt\">\n\t\t\t<p>Propaga\u010dn\u00e1 akcia k spusteniu SenicaBajk Po vy\u0161e ro\u010dnej pr\u00edprave syst\u00e9m zdie\u013ean\u00fdch bicyklov pod<\/p>\n\t\t<\/div>\n\t\t\t\t<\/div>\n\t\t\t\t<div class=\"elementor-post__meta-data\">\n\t\t\t\t\t<span class=\"elementor-post-date\">\n\t\t\t02.05.2024\t\t<\/span>\n\t\t\t\t<\/div>\n\t\t\t\t\t<\/div>\n\t\t<\/article>\n\t\t\t\t<article class=\"elementor-post elementor-grid-item post-3155 post type-post status-publish format-standard has-post-thumbnail hentry category-novinky-en\" role=\"listitem\">\n\t\t\t<div class=\"elementor-post__card\">\n\t\t\t\t<a class=\"elementor-post__thumbnail__link\" href=\"https:\/\/senicabajk.sk\/en\/blog\/2024\/05\/02\/bikesharing-in-senica-as-well-3\/\" tabindex=\"-1\" ><div class=\"elementor-post__thumbnail\"><img fetchpriority=\"high\" decoding=\"async\" width=\"1920\" height=\"1440\" src=\"https:\/\/senicabajk.sk\/wp-content\/uploads\/2024\/05\/P2411607.webp\" class=\"attachment-full size-full wp-image-3143\" alt=\"Propaga\u010dn\u00e1 jazda SenicaBajk\" \/><\/div><\/a>\n\t\t\t\t<div class=\"elementor-post__text\">\n\t\t\t\t<h5 class=\"elementor-post__title\">\n\t\t\t<a href=\"https:\/\/senicabajk.sk\/en\/blog\/2024\/05\/02\/bikesharing-in-senica-as-well-3\/\" >\n\t\t\t\tBikesharing in Senica as well\t\t\t<\/a>\n\t\t<\/h5>\n\t\t\t\t<div class=\"elementor-post__excerpt\">\n\t\t\t<p>Po vy\u0161e ro\u010dnej pr\u00edprave syst\u00e9m zdie\u013ean\u00fdch bicyklov pod n\u00e1zvom SenicaBajk od\u0161tartoval 19. apr\u00edla.<\/p>\n\t\t<\/div>\n\t\t\t\t<\/div>\n\t\t\t\t<div class=\"elementor-post__meta-data\">\n\t\t\t\t\t<span class=\"elementor-post-date\">\n\t\t\t02.05.2024\t\t<\/span>\n\t\t\t\t<\/div>\n\t\t\t\t\t<\/div>\n\t\t<\/article>\n\t\t\t\t<article class=\"elementor-post elementor-grid-item post-2999 post type-post status-publish format-standard has-post-thumbnail hentry category-novinky-en\" role=\"listitem\">\n\t\t\t<div class=\"elementor-post__card\">\n\t\t\t\t<a class=\"elementor-post__thumbnail__link\" href=\"https:\/\/senicabajk.sk\/en\/blog\/2024\/04\/07\/bikesharing-in-senica-as-well-2\/\" tabindex=\"-1\" ><div class=\"elementor-post__thumbnail\"><img decoding=\"async\" width=\"1182\" height=\"1182\" src=\"https:\/\/senicabajk.sk\/wp-content\/uploads\/2024\/04\/senica_bajk.webp\" class=\"attachment-full size-full wp-image-3003\" alt=\"\" \/><\/div><\/a>\n\t\t\t\t<div class=\"elementor-post__text\">\n\t\t\t\t<h5 class=\"elementor-post__title\">\n\t\t\t<a href=\"https:\/\/senicabajk.sk\/en\/blog\/2024\/04\/07\/bikesharing-in-senica-as-well-2\/\" >\n\t\t\t\tBikesharing in Senica as well\t\t\t<\/a>\n\t\t<\/h5>\n\t\t\t\t<div class=\"elementor-post__excerpt\">\n\t\t\t<p>In Senica there will be an alternative transport option. Senica residents will be<\/p>\n\t\t<\/div>\n\t\t\t\t<\/div>\n\t\t\t\t<div class=\"elementor-post__meta-data\">\n\t\t\t\t\t<span class=\"elementor-post-date\">\n\t\t\t07.04.2024\t\t<\/span>\n\t\t\t\t<\/div>\n\t\t\t\t\t<\/div>\n\t\t<\/article>\n\t\t\t\t<article class=\"elementor-post elementor-grid-item post-819 post type-post status-publish format-standard has-post-thumbnail hentry category-novinky-en\" role=\"listitem\">\n\t\t\t<div class=\"elementor-post__card\">\n\t\t\t\t<a class=\"elementor-post__thumbnail__link\" href=\"https:\/\/senicabajk.sk\/en\/blog\/2023\/07\/26\/bikesharing-in-senica-as-well\/\" tabindex=\"-1\" ><div class=\"elementor-post__thumbnail\"><img decoding=\"async\" width=\"960\" height=\"540\" src=\"https:\/\/senicabajk.sk\/wp-content\/uploads\/2023\/07\/e-bikes-stock-maryana-adobestockcom_6247977.jpg\" class=\"attachment-full size-full wp-image-1701\" alt=\"\" srcset=\"https:\/\/senicabajk.sk\/wp-content\/uploads\/2023\/07\/e-bikes-stock-maryana-adobestockcom_6247977.jpg 960w, https:\/\/senicabajk.sk\/wp-content\/uploads\/2023\/07\/e-bikes-stock-maryana-adobestockcom_6247977-300x169.jpg 300w, https:\/\/senicabajk.sk\/wp-content\/uploads\/2023\/07\/e-bikes-stock-maryana-adobestockcom_6247977-768x432.jpg 768w\" sizes=\"(max-width: 960px) 100vw, 960px\" \/><\/div><\/a>\n\t\t\t\t<div class=\"elementor-post__text\">\n\t\t\t\t<h5 class=\"elementor-post__title\">\n\t\t\t<a href=\"https:\/\/senicabajk.sk\/en\/blog\/2023\/07\/26\/bikesharing-in-senica-as-well\/\" >\n\t\t\t\tBikesharing in Senica as well\t\t\t<\/a>\n\t\t<\/h5>\n\t\t\t\t<div class=\"elementor-post__excerpt\">\n\t\t\t<p>In Senica there will be an alternative transport option. Senica residents will be<\/p>\n\t\t<\/div>\n\t\t\t\t<\/div>\n\t\t\t\t<div class=\"elementor-post__meta-data\">\n\t\t\t\t\t<span class=\"elementor-post-date\">\n\t\t\t26.07.2023\t\t<\/span>\n\t\t\t\t<\/div>\n\t\t\t\t\t<\/div>\n\t\t<\/article>\n\t\t\t\t<\/div>\n\t\t\n\t\t\t\t\t\t<\/div>\n\t\t\t\t<\/div>\n\t\t\t\t\t<\/div>\n\t\t<\/div>\n\t\t\t\t\t<\/div>\n\t\t<\/section>\n\t\t\t\t\t<\/div>\n\t\t<\/div>\n\t\t\t\t\t<\/div>\n\t\t<\/section>\n\t\t\t\t<\/div>\n\t\t","protected":false},"excerpt":{"rendered":"<p>Bike News<\/p>\n","protected":false},"author":1,"featured_media":0,"parent":0,"menu_order":0,"comment_status":"closed","ping_status":"open","template":"","meta":{"footnotes":""},"class_list":["post-720","page","type-page","status-publish","hentry"],"yoast_head":"<!-- This site is optimized with the Yoast SEO plugin v27.4 - https:\/\/yoast.com\/product\/yoast-seo-wordpress\/ -->\n<title>Novinky - News - SENICA BAJK<\/title>\n<meta name=\"robots\" content=\"index, follow, max-snippet:-1, max-image-preview:large, max-video-preview:-1\" \/>\n<link rel=\"canonical\" href=\"https:\/\/senicabajk.sk\/en\/news\/\" \/>\n<meta property=\"og:locale\" content=\"en_US\" \/>\n<meta property=\"og:type\" content=\"article\" \/>\n<meta property=\"og:title\" content=\"Novinky - News - SENICA BAJK\" \/>\n<meta property=\"og:description\" content=\"Bike News\" \/>\n<meta property=\"og:url\" content=\"https:\/\/senicabajk.sk\/en\/news\/\" \/>\n<meta property=\"og:site_name\" content=\"SENICA BAJK\" \/>\n<meta property=\"article:modified_time\" content=\"2023-08-26T21:43:37+00:00\" \/>\n<meta name=\"twitter:card\" content=\"summary_large_image\" \/>\n<script type=\"application\/ld+json\" class=\"yoast-schema-graph\">{\"@context\":\"https:\\\/\\\/schema.org\",\"@graph\":[{\"@type\":\"WebPage\",\"@id\":\"https:\\\/\\\/senicabajk.sk\\\/en\\\/news\\\/\",\"url\":\"https:\\\/\\\/senicabajk.sk\\\/en\\\/news\\\/\",\"name\":\"Novinky - News - SENICA BAJK\",\"isPartOf\":{\"@id\":\"https:\\\/\\\/senicabajk.sk\\\/en\\\/#website\"},\"datePublished\":\"2023-08-25T09:56:58+00:00\",\"dateModified\":\"2023-08-26T21:43:37+00:00\",\"breadcrumb\":{\"@id\":\"https:\\\/\\\/senicabajk.sk\\\/en\\\/news\\\/#breadcrumb\"},\"inLanguage\":\"en-US\",\"potentialAction\":[{\"@type\":\"ReadAction\",\"target\":[\"https:\\\/\\\/senicabajk.sk\\\/en\\\/news\\\/\"]}]},{\"@type\":\"BreadcrumbList\",\"@id\":\"https:\\\/\\\/senicabajk.sk\\\/en\\\/news\\\/#breadcrumb\",\"itemListElement\":[{\"@type\":\"ListItem\",\"position\":1,\"name\":\"Domovsk\u00e1 str\u00e1nka\",\"item\":\"https:\\\/\\\/senicabajk.sk\\\/en\\\/home-2\\\/\"},{\"@type\":\"ListItem\",\"position\":2,\"name\":\"Novinky &#8211; News\"}]},{\"@type\":\"WebSite\",\"@id\":\"https:\\\/\\\/senicabajk.sk\\\/en\\\/#website\",\"url\":\"https:\\\/\\\/senicabajk.sk\\\/en\\\/\",\"name\":\"SENICA BAJK\",\"description\":\"bikesharing v Senici - po\u017ei\u010daj si bicykel\",\"publisher\":{\"@id\":\"https:\\\/\\\/senicabajk.sk\\\/en\\\/#organization\"},\"potentialAction\":[{\"@type\":\"SearchAction\",\"target\":{\"@type\":\"EntryPoint\",\"urlTemplate\":\"https:\\\/\\\/senicabajk.sk\\\/en\\\/?s={search_term_string}\"},\"query-input\":{\"@type\":\"PropertyValueSpecification\",\"valueRequired\":true,\"valueName\":\"search_term_string\"}}],\"inLanguage\":\"en-US\"},{\"@type\":\"Organization\",\"@id\":\"https:\\\/\\\/senicabajk.sk\\\/en\\\/#organization\",\"name\":\"SENICA BAJK\",\"url\":\"https:\\\/\\\/senicabajk.sk\\\/en\\\/\",\"logo\":{\"@type\":\"ImageObject\",\"inLanguage\":\"en-US\",\"@id\":\"https:\\\/\\\/senicabajk.sk\\\/en\\\/#\\\/schema\\\/logo\\\/image\\\/\",\"url\":\"https:\\\/\\\/senicabajk.sk\\\/wp-content\\\/uploads\\\/2023\\\/08\\\/senica-bajk-logo.png\",\"contentUrl\":\"https:\\\/\\\/senicabajk.sk\\\/wp-content\\\/uploads\\\/2023\\\/08\\\/senica-bajk-logo.png\",\"width\":800,\"height\":318,\"caption\":\"SENICA BAJK\"},\"image\":{\"@id\":\"https:\\\/\\\/senicabajk.sk\\\/en\\\/#\\\/schema\\\/logo\\\/image\\\/\"}}]}<\/script>\n<!-- \/ Yoast SEO plugin. -->","yoast_head_json":{"title":"Novinky - News - SENICA BAJK","robots":{"index":"index","follow":"follow","max-snippet":"max-snippet:-1","max-image-preview":"max-image-preview:large","max-video-preview":"max-video-preview:-1"},"canonical":"https:\/\/senicabajk.sk\/en\/news\/","og_locale":"en_US","og_type":"article","og_title":"Novinky - News - SENICA BAJK","og_description":"Bike News","og_url":"https:\/\/senicabajk.sk\/en\/news\/","og_site_name":"SENICA BAJK","article_modified_time":"2023-08-26T21:43:37+00:00","twitter_card":"summary_large_image","schema":{"@context":"https:\/\/schema.org","@graph":[{"@type":"WebPage","@id":"https:\/\/senicabajk.sk\/en\/news\/","url":"https:\/\/senicabajk.sk\/en\/news\/","name":"Novinky - News - SENICA BAJK","isPartOf":{"@id":"https:\/\/senicabajk.sk\/en\/#website"},"datePublished":"2023-08-25T09:56:58+00:00","dateModified":"2023-08-26T21:43:37+00:00","breadcrumb":{"@id":"https:\/\/senicabajk.sk\/en\/news\/#breadcrumb"},"inLanguage":"en-US","potentialAction":[{"@type":"ReadAction","target":["https:\/\/senicabajk.sk\/en\/news\/"]}]},{"@type":"BreadcrumbList","@id":"https:\/\/senicabajk.sk\/en\/news\/#breadcrumb","itemListElement":[{"@type":"ListItem","position":1,"name":"Domovsk\u00e1 str\u00e1nka","item":"https:\/\/senicabajk.sk\/en\/home-2\/"},{"@type":"ListItem","position":2,"name":"Novinky &#8211; News"}]},{"@type":"WebSite","@id":"https:\/\/senicabajk.sk\/en\/#website","url":"https:\/\/senicabajk.sk\/en\/","name":"SENICA BAJK","description":"bikesharing v Senici - po\u017ei\u010daj si bicykel","publisher":{"@id":"https:\/\/senicabajk.sk\/en\/#organization"},"potentialAction":[{"@type":"SearchAction","target":{"@type":"EntryPoint","urlTemplate":"https:\/\/senicabajk.sk\/en\/?s={search_term_string}"},"query-input":{"@type":"PropertyValueSpecification","valueRequired":true,"valueName":"search_term_string"}}],"inLanguage":"en-US"},{"@type":"Organization","@id":"https:\/\/senicabajk.sk\/en\/#organization","name":"SENICA BAJK","url":"https:\/\/senicabajk.sk\/en\/","logo":{"@type":"ImageObject","inLanguage":"en-US","@id":"https:\/\/senicabajk.sk\/en\/#\/schema\/logo\/image\/","url":"https:\/\/senicabajk.sk\/wp-content\/uploads\/2023\/08\/senica-bajk-logo.png","contentUrl":"https:\/\/senicabajk.sk\/wp-content\/uploads\/2023\/08\/senica-bajk-logo.png","width":800,"height":318,"caption":"SENICA BAJK"},"image":{"@id":"https:\/\/senicabajk.sk\/en\/#\/schema\/logo\/image\/"}}]}},"_links":{"self":[{"href":"https:\/\/senicabajk.sk\/en\/wp-json\/wp\/v2\/pages\/720","targetHints":{"allow":["GET"]}}],"collection":[{"href":"https:\/\/senicabajk.sk\/en\/wp-json\/wp\/v2\/pages"}],"about":[{"href":"https:\/\/senicabajk.sk\/en\/wp-json\/wp\/v2\/types\/page"}],"author":[{"embeddable":true,"href":"https:\/\/senicabajk.sk\/en\/wp-json\/wp\/v2\/users\/1"}],"replies":[{"embeddable":true,"href":"https:\/\/senicabajk.sk\/en\/wp-json\/wp\/v2\/comments?post=720"}],"version-history":[{"count":5,"href":"https:\/\/senicabajk.sk\/en\/wp-json\/wp\/v2\/pages\/720\/revisions"}],"predecessor-version":[{"id":911,"href":"https:\/\/senicabajk.sk\/en\/wp-json\/wp\/v2\/pages\/720\/revisions\/911"}],"wp:attachment":[{"href":"https:\/\/senicabajk.sk\/en\/wp-json\/wp\/v2\/media?parent=720"}],"curies":[{"name":"wp","href":"https:\/\/api.w.org\/{rel}","templated":true}]}}